{"id":1042,"date":"2009-12-27T19:36:28","date_gmt":"2009-12-28T03:36:28","guid":{"rendered":"http:\/\/pulsion.inner-voices.net\/fr\/?page_id=1042"},"modified":"2010-07-13T17:11:40","modified_gmt":"2010-07-13T17:11:40","slug":"librairie","status":"publish","type":"page","link":"https:\/\/inner-voices.net\/fr\/librairie\/","title":{"rendered":"Librairie"},"content":{"rendered":"<p><iframe src=\"http:\/\/astore.amazon.fr\/pulsiondevie-21\" width=\"90%\" height=\"4000\" frameborder=\"0\" scrolling=\"no\"><\/iframe><\/p>\n","protected":false},"excerpt":{"rendered":"","protected":false},"author":1,"featured_media":0,"parent":0,"menu_order":0,"comment_status":"open","ping_status":"open","template":"astore.php","meta":{"qubely_global_settings":"","qubely_interactions":"","_monsterinsights_skip_tracking":false,"_monsterinsights_sitenote_active":false,"_monsterinsights_sitenote_note":"","_monsterinsights_sitenote_category":0,"footnotes":""},"class_list":["post-1042","page","type-page","status-publish","hentry"],"yoast_head":"<!-- This site is optimized with the Yoast SEO plugin v27.4 - https:\/\/yoast.com\/product\/yoast-seo-wordpress\/ -->\n<title>Librairie - Voix interieures<\/title>\n<meta name=\"robots\" content=\"index, follow, max-snippet:-1, max-image-preview:large, max-video-preview:-1\" \/>\n<link rel=\"canonical\" href=\"https:\/\/inner-voices.net\/fr\/librairie\/\" \/>\n<meta property=\"og:locale\" content=\"fr_FR\" \/>\n<meta property=\"og:type\" content=\"article\" \/>\n<meta property=\"og:title\" content=\"Librairie - Voix interieures\" \/>\n<meta property=\"og:url\" content=\"https:\/\/inner-voices.net\/fr\/librairie\/\" \/>\n<meta property=\"og:site_name\" content=\"Voix interieures\" \/>\n<meta property=\"article:modified_time\" content=\"2010-07-13T17:11:40+00:00\" \/>\n<meta name=\"twitter:card\" content=\"summary_large_image\" \/>\n<script type=\"application\/ld+json\" class=\"yoast-schema-graph\">{\"@context\":\"https:\\\/\\\/schema.org\",\"@graph\":[{\"@type\":\"WebPage\",\"@id\":\"https:\\\/\\\/inner-voices.net\\\/fr\\\/librairie\\\/\",\"url\":\"https:\\\/\\\/inner-voices.net\\\/fr\\\/librairie\\\/\",\"name\":\"Librairie - Voix interieures\",\"isPartOf\":{\"@id\":\"https:\\\/\\\/inner-voices.net\\\/fr\\\/#website\"},\"datePublished\":\"2009-12-28T03:36:28+00:00\",\"dateModified\":\"2010-07-13T17:11:40+00:00\",\"breadcrumb\":{\"@id\":\"https:\\\/\\\/inner-voices.net\\\/fr\\\/librairie\\\/#breadcrumb\"},\"inLanguage\":\"fr-FR\",\"potentialAction\":[{\"@type\":\"ReadAction\",\"target\":[\"https:\\\/\\\/inner-voices.net\\\/fr\\\/librairie\\\/\"]}]},{\"@type\":\"BreadcrumbList\",\"@id\":\"https:\\\/\\\/inner-voices.net\\\/fr\\\/librairie\\\/#breadcrumb\",\"itemListElement\":[{\"@type\":\"ListItem\",\"position\":1,\"name\":\"Home\",\"item\":\"https:\\\/\\\/inner-voices.net\\\/fr\\\/\"},{\"@type\":\"ListItem\",\"position\":2,\"name\":\"Librairie\"}]},{\"@type\":\"WebSite\",\"@id\":\"https:\\\/\\\/inner-voices.net\\\/fr\\\/#website\",\"url\":\"https:\\\/\\\/inner-voices.net\\\/fr\\\/\",\"name\":\"Voix interieures\",\"description\":\"Trouvez votre Voix Int\u00e9rieure \u00e0 travers la Cr\u00e9ativit\u00e9.\",\"potentialAction\":[{\"@type\":\"SearchAction\",\"target\":{\"@type\":\"EntryPoint\",\"urlTemplate\":\"https:\\\/\\\/inner-voices.net\\\/fr\\\/?s={search_term_string}\"},\"query-input\":{\"@type\":\"PropertyValueSpecification\",\"valueRequired\":true,\"valueName\":\"search_term_string\"}}],\"inLanguage\":\"fr-FR\"}]}<\/script>\n<!-- \/ Yoast SEO plugin. -->","yoast_head_json":{"title":"Librairie - Voix interieures","robots":{"index":"index","follow":"follow","max-snippet":"max-snippet:-1","max-image-preview":"max-image-preview:large","max-video-preview":"max-video-preview:-1"},"canonical":"https:\/\/inner-voices.net\/fr\/librairie\/","og_locale":"fr_FR","og_type":"article","og_title":"Librairie - Voix interieures","og_url":"https:\/\/inner-voices.net\/fr\/librairie\/","og_site_name":"Voix interieures","article_modified_time":"2010-07-13T17:11:40+00:00","twitter_card":"summary_large_image","schema":{"@context":"https:\/\/schema.org","@graph":[{"@type":"WebPage","@id":"https:\/\/inner-voices.net\/fr\/librairie\/","url":"https:\/\/inner-voices.net\/fr\/librairie\/","name":"Librairie - Voix interieures","isPartOf":{"@id":"https:\/\/inner-voices.net\/fr\/#website"},"datePublished":"2009-12-28T03:36:28+00:00","dateModified":"2010-07-13T17:11:40+00:00","breadcrumb":{"@id":"https:\/\/inner-voices.net\/fr\/librairie\/#breadcrumb"},"inLanguage":"fr-FR","potentialAction":[{"@type":"ReadAction","target":["https:\/\/inner-voices.net\/fr\/librairie\/"]}]},{"@type":"BreadcrumbList","@id":"https:\/\/inner-voices.net\/fr\/librairie\/#breadcrumb","itemListElement":[{"@type":"ListItem","position":1,"name":"Home","item":"https:\/\/inner-voices.net\/fr\/"},{"@type":"ListItem","position":2,"name":"Librairie"}]},{"@type":"WebSite","@id":"https:\/\/inner-voices.net\/fr\/#website","url":"https:\/\/inner-voices.net\/fr\/","name":"Voix interieures","description":"Trouvez votre Voix Int\u00e9rieure \u00e0 travers la Cr\u00e9ativit\u00e9.","potentialAction":[{"@type":"SearchAction","target":{"@type":"EntryPoint","urlTemplate":"https:\/\/inner-voices.net\/fr\/?s={search_term_string}"},"query-input":{"@type":"PropertyValueSpecification","valueRequired":true,"valueName":"search_term_string"}}],"inLanguage":"fr-FR"}]}},"_links":{"self":[{"href":"https:\/\/inner-voices.net\/fr\/wp-json\/wp\/v2\/pages\/1042","targetHints":{"allow":["GET"]}}],"collection":[{"href":"https:\/\/inner-voices.net\/fr\/wp-json\/wp\/v2\/pages"}],"about":[{"href":"https:\/\/inner-voices.net\/fr\/wp-json\/wp\/v2\/types\/page"}],"author":[{"embeddable":true,"href":"https:\/\/inner-voices.net\/fr\/wp-json\/wp\/v2\/users\/1"}],"replies":[{"embeddable":true,"href":"https:\/\/inner-voices.net\/fr\/wp-json\/wp\/v2\/comments?post=1042"}],"version-history":[{"count":1,"href":"https:\/\/inner-voices.net\/fr\/wp-json\/wp\/v2\/pages\/1042\/revisions"}],"predecessor-version":[{"id":1616,"href":"https:\/\/inner-voices.net\/fr\/wp-json\/wp\/v2\/pages\/1042\/revisions\/1616"}],"wp:attachment":[{"href":"https:\/\/inner-voices.net\/fr\/wp-json\/wp\/v2\/media?parent=1042"}],"curies":[{"name":"wp","href":"https:\/\/api.w.org\/{rel}","templated":true}]}}