{"id":2033,"date":"2011-02-21T11:18:26","date_gmt":"2011-02-21T19:18:26","guid":{"rendered":"http:\/\/inner-voices.net\/fr\/"},"modified":"2011-02-21T11:20:34","modified_gmt":"2011-02-21T19:20:34","slug":"a-propos","status":"publish","type":"page","link":"https:\/\/inner-voices.net\/fr\/a-propos\/","title":{"rendered":"\u00c0 Propos"},"content":{"rendered":"<p><img decoding=\"async\" class=\"alignleft\" title=\"Moi\" src=\"http:\/\/inner-voices.net\/wp-content\/uploads\/2011\/02\/BioPic.jpg\" alt=\"\" width=\"229\" height=\"223\" \/>Je suis une jeune femme n\u00e9e et \u00e9lev\u00e9e en France durant environ 23 ans avant de devenir expatri\u00e9e \u00e0 Vancouver (Canada) avec mon \u00e9poux et nos deux filles.<\/p>\n<p>J&#8217;\u00e9tais une enfant tr\u00e8s cr\u00e9ative mais pour je ne sais quelles raisons, je l&#8217;ai mis de c\u00f4t\u00e9 vers l&#8217;adolescence. Je tiens avidement des journaux intimes depuis l&#8217;\u00e2ge de 7-8 ans, avec des pauses plus ou moins longues; l&#8217;\u00e9criture est donc une pratique qui me lib\u00e8re l&#8217;Esprit. J&#8217;ai r\u00e9alis\u00e9 qu&#8217;il valait mieux jeter les \u00e9motions sur le papiers plut\u00f4t que de les laisser me consumer de l&#8217;int\u00e9rieur.<\/p>\n<p>J&#8217;ai d\u00e9couvert le Journal Cr\u00e9atif en 2008, lorsque j&#8217;ai lu un article sur\u00a0<a href=\"http:\/\/inner-voices.net\/fr\/2008\/07\/06\/le-journal-creatif-ou-lecriture-et-le-dessin-rassembles-pour-mieux-se-connaitre\/\" target=\"_blank\">le livre d&#8217;Anne-Marie Jobin<\/a> (art-th\u00e9rapeute au Qu\u00e9bec, ayant d\u00e9velopp\u00e9 plusieurs m\u00e9thodes sur le sujet; elle est incontournable pour les francophones int\u00e9ress\u00e9s par le sujet. Cependant, le Journal Cr\u00e9atif diff\u00e8re quelque peu du Journal d&#8217;Artiste, m\u00eame si on peut ais\u00e9ment confondre l&#8217;un pour l&#8217;autre). C&#8217;est un outil tr\u00e8s puissant pour qui souhaite travailler sur sa gu\u00e9rison (\u00e0 tous niveaux). C&#8217;est en voulant en savoir plus \u00e0 ce sujet que je suis all\u00e9e sur YouTube \u00e0 la recherche d&#8217;informations, o\u00f9 j&#8217;ai rapidement trouv\u00e9 les vid\u00e9os de Suzi Blu et \u00a0de Samantha Kira. Cela a tout chang\u00e9. Il m&#8217;\u00e9tait alors impossible de revenir en arri\u00e8re, comme si j&#8217;\u00e9tais pass\u00e9e de l&#8217;autre c\u00f4t\u00e9 du miroir; pour le meilleur.<\/p>\n<p>Le Journal Cr\u00e9atif m&#8217;a aid\u00e9 \u00e0 d\u00e9couvrir mon c\u00f4t\u00e9 artistique, et les messages que j&#8217;ai \u00e0 d\u00e9livrer par ce biais; c&#8217;est ensuite que j&#8217;ai commenc\u00e9 \u00e0 peindre en dehors de mon Journal et que je suis tomb\u00e9e dans l&#8217;Univers du Mixed Media.<br \/>\nMais au fur et \u00e0 mesure que je gagne en aisance dans mes techniques et mon propre style, je me rends compte que j&#8217;abandonne petit \u00e0 petit tout ce que j&#8217;utilisais alors et reviens aux sources. Cependant, je continue ma route avec mon amour pour la peinture acrylique, accompagn\u00e9e de pastels \u00e0 l&#8217;huile et autres.<\/p>\n<p>Ma nouvelle passion est la cr\u00e9ation de journaux faits main. J&#8217;apprends plusieurs techniques de reliure et j&#8217;avoue que c&#8217;est merveilleux de pouvoir faire ce que je veux et utiliser mes propres journaux.<\/p>\n<p>Je veux \u00e9galement aid\u00e9 les gens \u00e0 travers l&#8217;art, m\u00eame si je ne sais pas encore avec pr\u00e9cision comment; je sais que c&#8217;est un bout de ma Mission de Vie. Je reconnais le pouvoir de la Gratitude et essaie de montrer aux gens et de les inspirer via ce sujet (c&#8217;est pour cela que j&#8217;ai commenc\u00e9 mon rituel hebdomadaire du\u00a0<strong><a title=\"Vendredi Merci, le pourquoi du comment.\" href=\"http:\/\/inner-voices.net\/fr\/2009\/10\/27\/jintroduis-un-nouveau-rituel-gratitude-friday\/\" target=\"_blank\">Vendredi Merci<\/a><\/strong>, o\u00f9 j&#8217;invite les gens \u00e0 partager chaque semaine ce pour quoi ils sont reconnaissants. Beaucoup sont venus vers moi, me disant \u00e0 quel point leur vie se voit modifi\u00e9e depuis qu&#8217;ils pr\u00eatent attention \u00e0 ces &#8220;petits et grands moments de joie&#8221; dans leur vie. Je couve quelques projets dans ce domaine.<\/p>\n<p>J,ai d\u00e9cid\u00e9 que 2011 serait une ann\u00e9e d\u00e9cisive dans ma vie cr\u00e9ative. Je veux sortir de mon placard et enfin cesser d&#8217;avoir peur de ce que les gens pourraient penser des facettes de moi que l&#8217;on aper\u00e7oit \u00e0 travers ce que je cr\u00e9\u00e9. J&#8217;accepte qui je suis et le montre enfin.<\/p>\n<p>Ma premi\u00e8re passion \u00e9tait la cuisine, qui fut presque ma vocation professionnelle fut un temps. Je suis \u00e9galement accroc \u00e0 la lecture, aux s\u00e9ries tv, aux promenades dans la nature avec ma famille, \u00e0 l&#8217;\u00e9criture et bien d&#8217;autres choses encore.<\/p>\n","protected":false},"excerpt":{"rendered":"<p>Je suis une jeune femme n\u00e9e et \u00e9lev\u00e9e en France durant environ 23 ans avant de devenir expatri\u00e9e \u00e0 Vancouver (Canada) avec mon \u00e9poux et nos deux filles. J&#8217;\u00e9tais une enfant tr\u00e8s cr\u00e9ative mais pour je ne sais quelles raisons, je l&#8217;ai mis de c\u00f4t\u00e9 vers l&#8217;adolescence. Je tiens avidement des journaux intimes depuis l&#8217;\u00e2ge &#8230;<\/p>\n","protected":false},"author":1,"featured_media":0,"parent":0,"menu_order":0,"comment_status":"open","ping_status":"open","template":"","meta":{"qubely_global_settings":"","qubely_interactions":"","_monsterinsights_skip_tracking":false,"_monsterinsights_sitenote_active":false,"_monsterinsights_sitenote_note":"","_monsterinsights_sitenote_category":0,"footnotes":""},"class_list":["post-2033","page","type-page","status-publish","hentry"],"yoast_head":"<!-- This site is optimized with the Yoast SEO plugin v27.4 - https:\/\/yoast.com\/product\/yoast-seo-wordpress\/ -->\n<title>\u00c0 Propos - Voix interieures<\/title>\n<meta name=\"robots\" content=\"index, follow, max-snippet:-1, max-image-preview:large, max-video-preview:-1\" \/>\n<link rel=\"canonical\" href=\"https:\/\/inner-voices.net\/fr\/a-propos\/\" \/>\n<meta property=\"og:locale\" content=\"fr_FR\" \/>\n<meta property=\"og:type\" content=\"article\" \/>\n<meta property=\"og:title\" content=\"\u00c0 Propos - Voix interieures\" \/>\n<meta property=\"og:description\" content=\"Je suis une jeune femme n\u00e9e et \u00e9lev\u00e9e en France durant environ 23 ans avant de devenir expatri\u00e9e \u00e0 Vancouver (Canada) avec mon \u00e9poux et nos deux filles. J&#8217;\u00e9tais une enfant tr\u00e8s cr\u00e9ative mais pour je ne sais quelles raisons, je l&#8217;ai mis de c\u00f4t\u00e9 vers l&#8217;adolescence. Je tiens avidement des journaux intimes depuis l&#8217;\u00e2ge ...\" \/>\n<meta property=\"og:url\" content=\"https:\/\/inner-voices.net\/fr\/a-propos\/\" \/>\n<meta property=\"og:site_name\" content=\"Voix interieures\" \/>\n<meta property=\"article:modified_time\" content=\"2011-02-21T19:20:34+00:00\" \/>\n<meta property=\"og:image\" content=\"http:\/\/inner-voices.net\/wp-content\/uploads\/2011\/02\/BioPic.jpg\" \/>\n<meta name=\"twitter:card\" content=\"summary_large_image\" \/>\n<meta name=\"twitter:label1\" content=\"Est. reading time\" \/>\n\t<meta name=\"twitter:data1\" content=\"3 minutes\" \/>\n<script type=\"application\/ld+json\" class=\"yoast-schema-graph\">{\"@context\":\"https:\\\/\\\/schema.org\",\"@graph\":[{\"@type\":\"WebPage\",\"@id\":\"https:\\\/\\\/inner-voices.net\\\/fr\\\/a-propos\\\/\",\"url\":\"https:\\\/\\\/inner-voices.net\\\/fr\\\/a-propos\\\/\",\"name\":\"\u00c0 Propos - Voix interieures\",\"isPartOf\":{\"@id\":\"https:\\\/\\\/inner-voices.net\\\/fr\\\/#website\"},\"primaryImageOfPage\":{\"@id\":\"https:\\\/\\\/inner-voices.net\\\/fr\\\/a-propos\\\/#primaryimage\"},\"image\":{\"@id\":\"https:\\\/\\\/inner-voices.net\\\/fr\\\/a-propos\\\/#primaryimage\"},\"thumbnailUrl\":\"http:\\\/\\\/inner-voices.net\\\/wp-content\\\/uploads\\\/2011\\\/02\\\/BioPic.jpg\",\"datePublished\":\"2011-02-21T19:18:26+00:00\",\"dateModified\":\"2011-02-21T19:20:34+00:00\",\"breadcrumb\":{\"@id\":\"https:\\\/\\\/inner-voices.net\\\/fr\\\/a-propos\\\/#breadcrumb\"},\"inLanguage\":\"fr-FR\",\"potentialAction\":[{\"@type\":\"ReadAction\",\"target\":[\"https:\\\/\\\/inner-voices.net\\\/fr\\\/a-propos\\\/\"]}]},{\"@type\":\"ImageObject\",\"inLanguage\":\"fr-FR\",\"@id\":\"https:\\\/\\\/inner-voices.net\\\/fr\\\/a-propos\\\/#primaryimage\",\"url\":\"http:\\\/\\\/inner-voices.net\\\/wp-content\\\/uploads\\\/2011\\\/02\\\/BioPic.jpg\",\"contentUrl\":\"http:\\\/\\\/inner-voices.net\\\/wp-content\\\/uploads\\\/2011\\\/02\\\/BioPic.jpg\"},{\"@type\":\"BreadcrumbList\",\"@id\":\"https:\\\/\\\/inner-voices.net\\\/fr\\\/a-propos\\\/#breadcrumb\",\"itemListElement\":[{\"@type\":\"ListItem\",\"position\":1,\"name\":\"Home\",\"item\":\"https:\\\/\\\/inner-voices.net\\\/fr\\\/\"},{\"@type\":\"ListItem\",\"position\":2,\"name\":\"\u00c0 Propos\"}]},{\"@type\":\"WebSite\",\"@id\":\"https:\\\/\\\/inner-voices.net\\\/fr\\\/#website\",\"url\":\"https:\\\/\\\/inner-voices.net\\\/fr\\\/\",\"name\":\"Voix interieures\",\"description\":\"Trouvez votre Voix Int\u00e9rieure \u00e0 travers la Cr\u00e9ativit\u00e9.\",\"potentialAction\":[{\"@type\":\"SearchAction\",\"target\":{\"@type\":\"EntryPoint\",\"urlTemplate\":\"https:\\\/\\\/inner-voices.net\\\/fr\\\/?s={search_term_string}\"},\"query-input\":{\"@type\":\"PropertyValueSpecification\",\"valueRequired\":true,\"valueName\":\"search_term_string\"}}],\"inLanguage\":\"fr-FR\"}]}<\/script>\n<!-- \/ Yoast SEO plugin. -->","yoast_head_json":{"title":"\u00c0 Propos - Voix interieures","robots":{"index":"index","follow":"follow","max-snippet":"max-snippet:-1","max-image-preview":"max-image-preview:large","max-video-preview":"max-video-preview:-1"},"canonical":"https:\/\/inner-voices.net\/fr\/a-propos\/","og_locale":"fr_FR","og_type":"article","og_title":"\u00c0 Propos - Voix interieures","og_description":"Je suis une jeune femme n\u00e9e et \u00e9lev\u00e9e en France durant environ 23 ans avant de devenir expatri\u00e9e \u00e0 Vancouver (Canada) avec mon \u00e9poux et nos deux filles. J&#8217;\u00e9tais une enfant tr\u00e8s cr\u00e9ative mais pour je ne sais quelles raisons, je l&#8217;ai mis de c\u00f4t\u00e9 vers l&#8217;adolescence. Je tiens avidement des journaux intimes depuis l&#8217;\u00e2ge ...","og_url":"https:\/\/inner-voices.net\/fr\/a-propos\/","og_site_name":"Voix interieures","article_modified_time":"2011-02-21T19:20:34+00:00","og_image":[{"url":"http:\/\/inner-voices.net\/wp-content\/uploads\/2011\/02\/BioPic.jpg","type":"","width":"","height":""}],"twitter_card":"summary_large_image","twitter_misc":{"Est. reading time":"3 minutes"},"schema":{"@context":"https:\/\/schema.org","@graph":[{"@type":"WebPage","@id":"https:\/\/inner-voices.net\/fr\/a-propos\/","url":"https:\/\/inner-voices.net\/fr\/a-propos\/","name":"\u00c0 Propos - Voix interieures","isPartOf":{"@id":"https:\/\/inner-voices.net\/fr\/#website"},"primaryImageOfPage":{"@id":"https:\/\/inner-voices.net\/fr\/a-propos\/#primaryimage"},"image":{"@id":"https:\/\/inner-voices.net\/fr\/a-propos\/#primaryimage"},"thumbnailUrl":"http:\/\/inner-voices.net\/wp-content\/uploads\/2011\/02\/BioPic.jpg","datePublished":"2011-02-21T19:18:26+00:00","dateModified":"2011-02-21T19:20:34+00:00","breadcrumb":{"@id":"https:\/\/inner-voices.net\/fr\/a-propos\/#breadcrumb"},"inLanguage":"fr-FR","potentialAction":[{"@type":"ReadAction","target":["https:\/\/inner-voices.net\/fr\/a-propos\/"]}]},{"@type":"ImageObject","inLanguage":"fr-FR","@id":"https:\/\/inner-voices.net\/fr\/a-propos\/#primaryimage","url":"http:\/\/inner-voices.net\/wp-content\/uploads\/2011\/02\/BioPic.jpg","contentUrl":"http:\/\/inner-voices.net\/wp-content\/uploads\/2011\/02\/BioPic.jpg"},{"@type":"BreadcrumbList","@id":"https:\/\/inner-voices.net\/fr\/a-propos\/#breadcrumb","itemListElement":[{"@type":"ListItem","position":1,"name":"Home","item":"https:\/\/inner-voices.net\/fr\/"},{"@type":"ListItem","position":2,"name":"\u00c0 Propos"}]},{"@type":"WebSite","@id":"https:\/\/inner-voices.net\/fr\/#website","url":"https:\/\/inner-voices.net\/fr\/","name":"Voix interieures","description":"Trouvez votre Voix Int\u00e9rieure \u00e0 travers la Cr\u00e9ativit\u00e9.","potentialAction":[{"@type":"SearchAction","target":{"@type":"EntryPoint","urlTemplate":"https:\/\/inner-voices.net\/fr\/?s={search_term_string}"},"query-input":{"@type":"PropertyValueSpecification","valueRequired":true,"valueName":"search_term_string"}}],"inLanguage":"fr-FR"}]}},"_links":{"self":[{"href":"https:\/\/inner-voices.net\/fr\/wp-json\/wp\/v2\/pages\/2033","targetHints":{"allow":["GET"]}}],"collection":[{"href":"https:\/\/inner-voices.net\/fr\/wp-json\/wp\/v2\/pages"}],"about":[{"href":"https:\/\/inner-voices.net\/fr\/wp-json\/wp\/v2\/types\/page"}],"author":[{"embeddable":true,"href":"https:\/\/inner-voices.net\/fr\/wp-json\/wp\/v2\/users\/1"}],"replies":[{"embeddable":true,"href":"https:\/\/inner-voices.net\/fr\/wp-json\/wp\/v2\/comments?post=2033"}],"version-history":[{"count":4,"href":"https:\/\/inner-voices.net\/fr\/wp-json\/wp\/v2\/pages\/2033\/revisions"}],"predecessor-version":[{"id":2037,"href":"https:\/\/inner-voices.net\/fr\/wp-json\/wp\/v2\/pages\/2033\/revisions\/2037"}],"wp:attachment":[{"href":"https:\/\/inner-voices.net\/fr\/wp-json\/wp\/v2\/media?parent=2033"}],"curies":[{"name":"wp","href":"https:\/\/api.w.org\/{rel}","templated":true}]}}