{"id":2944,"date":"2015-01-09T12:00:19","date_gmt":"2015-01-09T20:00:19","guid":{"rendered":"http:\/\/inner-voices.net\/fr\/panier\/"},"modified":"2015-01-09T12:00:19","modified_gmt":"2015-01-09T20:00:19","slug":"panier","status":"publish","type":"page","link":"https:\/\/inner-voices.net\/fr\/panier\/","title":{"rendered":"Panier"},"content":{"rendered":"[woocommerce_cart]\n","protected":false},"excerpt":{"rendered":"<p>[woocommerce_cart]<\/p>\n","protected":false},"author":1,"featured_media":0,"parent":0,"menu_order":0,"comment_status":"closed","ping_status":"open","template":"","meta":{"qubely_global_settings":"","qubely_interactions":"","_monsterinsights_skip_tracking":false,"_monsterinsights_sitenote_active":false,"_monsterinsights_sitenote_note":"","_monsterinsights_sitenote_category":0,"footnotes":""},"class_list":["post-2944","page","type-page","status-publish","hentry"],"yoast_head":"<!-- This site is optimized with the Yoast SEO plugin v27.4 - https:\/\/yoast.com\/product\/yoast-seo-wordpress\/ -->\n<title>Panier - Voix interieures<\/title>\n<meta name=\"robots\" content=\"index, follow, max-snippet:-1, max-image-preview:large, max-video-preview:-1\" \/>\n<link rel=\"canonical\" href=\"https:\/\/inner-voices.net\/fr\/panier\/\" \/>\n<meta property=\"og:locale\" content=\"fr_FR\" \/>\n<meta property=\"og:type\" content=\"article\" \/>\n<meta property=\"og:title\" content=\"Panier - Voix interieures\" \/>\n<meta property=\"og:description\" content=\"[woocommerce_cart]\" \/>\n<meta property=\"og:url\" content=\"https:\/\/inner-voices.net\/fr\/panier\/\" \/>\n<meta property=\"og:site_name\" content=\"Voix interieures\" \/>\n<meta name=\"twitter:card\" content=\"summary_large_image\" \/>\n<script type=\"application\/ld+json\" class=\"yoast-schema-graph\">{\"@context\":\"https:\\\/\\\/schema.org\",\"@graph\":[{\"@type\":\"WebPage\",\"@id\":\"https:\\\/\\\/inner-voices.net\\\/fr\\\/panier\\\/\",\"url\":\"https:\\\/\\\/inner-voices.net\\\/fr\\\/panier\\\/\",\"name\":\"Panier - Voix interieures\",\"isPartOf\":{\"@id\":\"https:\\\/\\\/inner-voices.net\\\/fr\\\/#website\"},\"datePublished\":\"2015-01-09T20:00:19+00:00\",\"breadcrumb\":{\"@id\":\"https:\\\/\\\/inner-voices.net\\\/fr\\\/panier\\\/#breadcrumb\"},\"inLanguage\":\"fr-FR\",\"potentialAction\":[{\"@type\":\"ReadAction\",\"target\":[\"https:\\\/\\\/inner-voices.net\\\/fr\\\/panier\\\/\"]}]},{\"@type\":\"BreadcrumbList\",\"@id\":\"https:\\\/\\\/inner-voices.net\\\/fr\\\/panier\\\/#breadcrumb\",\"itemListElement\":[{\"@type\":\"ListItem\",\"position\":1,\"name\":\"Home\",\"item\":\"https:\\\/\\\/inner-voices.net\\\/fr\\\/\"},{\"@type\":\"ListItem\",\"position\":2,\"name\":\"Panier\"}]},{\"@type\":\"WebSite\",\"@id\":\"https:\\\/\\\/inner-voices.net\\\/fr\\\/#website\",\"url\":\"https:\\\/\\\/inner-voices.net\\\/fr\\\/\",\"name\":\"Voix interieures\",\"description\":\"Trouvez votre Voix Int\u00e9rieure \u00e0 travers la Cr\u00e9ativit\u00e9.\",\"potentialAction\":[{\"@type\":\"SearchAction\",\"target\":{\"@type\":\"EntryPoint\",\"urlTemplate\":\"https:\\\/\\\/inner-voices.net\\\/fr\\\/?s={search_term_string}\"},\"query-input\":{\"@type\":\"PropertyValueSpecification\",\"valueRequired\":true,\"valueName\":\"search_term_string\"}}],\"inLanguage\":\"fr-FR\"}]}<\/script>\n<!-- \/ Yoast SEO plugin. -->","yoast_head_json":{"title":"Panier - Voix interieures","robots":{"index":"index","follow":"follow","max-snippet":"max-snippet:-1","max-image-preview":"max-image-preview:large","max-video-preview":"max-video-preview:-1"},"canonical":"https:\/\/inner-voices.net\/fr\/panier\/","og_locale":"fr_FR","og_type":"article","og_title":"Panier - Voix interieures","og_description":"[woocommerce_cart]","og_url":"https:\/\/inner-voices.net\/fr\/panier\/","og_site_name":"Voix interieures","twitter_card":"summary_large_image","schema":{"@context":"https:\/\/schema.org","@graph":[{"@type":"WebPage","@id":"https:\/\/inner-voices.net\/fr\/panier\/","url":"https:\/\/inner-voices.net\/fr\/panier\/","name":"Panier - Voix interieures","isPartOf":{"@id":"https:\/\/inner-voices.net\/fr\/#website"},"datePublished":"2015-01-09T20:00:19+00:00","breadcrumb":{"@id":"https:\/\/inner-voices.net\/fr\/panier\/#breadcrumb"},"inLanguage":"fr-FR","potentialAction":[{"@type":"ReadAction","target":["https:\/\/inner-voices.net\/fr\/panier\/"]}]},{"@type":"BreadcrumbList","@id":"https:\/\/inner-voices.net\/fr\/panier\/#breadcrumb","itemListElement":[{"@type":"ListItem","position":1,"name":"Home","item":"https:\/\/inner-voices.net\/fr\/"},{"@type":"ListItem","position":2,"name":"Panier"}]},{"@type":"WebSite","@id":"https:\/\/inner-voices.net\/fr\/#website","url":"https:\/\/inner-voices.net\/fr\/","name":"Voix interieures","description":"Trouvez votre Voix Int\u00e9rieure \u00e0 travers la Cr\u00e9ativit\u00e9.","potentialAction":[{"@type":"SearchAction","target":{"@type":"EntryPoint","urlTemplate":"https:\/\/inner-voices.net\/fr\/?s={search_term_string}"},"query-input":{"@type":"PropertyValueSpecification","valueRequired":true,"valueName":"search_term_string"}}],"inLanguage":"fr-FR"}]}},"_links":{"self":[{"href":"https:\/\/inner-voices.net\/fr\/wp-json\/wp\/v2\/pages\/2944","targetHints":{"allow":["GET"]}}],"collection":[{"href":"https:\/\/inner-voices.net\/fr\/wp-json\/wp\/v2\/pages"}],"about":[{"href":"https:\/\/inner-voices.net\/fr\/wp-json\/wp\/v2\/types\/page"}],"author":[{"embeddable":true,"href":"https:\/\/inner-voices.net\/fr\/wp-json\/wp\/v2\/users\/1"}],"replies":[{"embeddable":true,"href":"https:\/\/inner-voices.net\/fr\/wp-json\/wp\/v2\/comments?post=2944"}],"version-history":[{"count":0,"href":"https:\/\/inner-voices.net\/fr\/wp-json\/wp\/v2\/pages\/2944\/revisions"}],"wp:attachment":[{"href":"https:\/\/inner-voices.net\/fr\/wp-json\/wp\/v2\/media?parent=2944"}],"curies":[{"name":"wp","href":"https:\/\/api.w.org\/{rel}","templated":true}]}}